{"id":11,"date":"2013-01-29T14:02:13","date_gmt":"2013-01-29T13:02:13","guid":{"rendered":"http:\/\/radio.funoc.be\/?page_id=11"},"modified":"2017-05-20T17:00:18","modified_gmt":"2017-05-20T16:00:18","slug":"11-2","status":"publish","type":"page","link":"https:\/\/radio.funoc.be\/?page_id=11","title":{"rendered":""},"content":{"rendered":"<h2><strong>Les objectifs poursuivis par ce projet p\u00e9dagogique rencontrent ceux port\u00e9s par la FUNOC :<\/strong><\/h2>\n<h2><strong>&#8211; Am\u00e9liorer les comp\u00e9tences de base en usage dans la soci\u00e9t\u00e9 et en particulier, ici, le\u00a0 fran\u00e7ais\u00a0 oral et \u00e9crit<br \/>\n<\/strong><\/h2>\n<h2><strong>&#8211; Valoriser ces comp\u00e9tences dans un projet<br \/>\n<\/strong><\/h2>\n<h2><strong>&#8211; Reprendre confiance en soi et se \u00ab\u00a0resocialiser\u00a0\u00bb<br \/>\n<\/strong><\/h2>\n<h2><strong>&#8211; Favoriser l&rsquo;expression des personnes<br \/>\n<\/strong><\/h2>\n<h2><strong>&#8211; D\u00e9velopper l&rsquo;autonomie, la responsabilit\u00e9 et l&rsquo;esprit d&rsquo;\u00e9quipe<br \/>\n<\/strong><\/h2>\n<h2><strong>&#8211; Devenir un citoyen actif, d\u00e9velopper son analyse critique.<br \/>\n<\/strong><\/h2>\n<p>&nbsp;<\/p>\n","protected":false},"excerpt":{"rendered":"<p>Les objectifs poursuivis par ce projet p\u00e9dagogique rencontrent ceux port\u00e9s par la FUNOC : &#8211; Am\u00e9liorer les comp\u00e9tences de base en usage dans la soci\u00e9t\u00e9 et en particulier, ici, le\u00a0 fran\u00e7ais\u00a0 oral et \u00e9crit &#8211; Valoriser ces comp\u00e9tences dans un projet &#8211; Reprendre confiance en soi et se \u00ab\u00a0resocialiser\u00a0\u00bb &#8211; Favoriser l&rsquo;expression des personnes &#8211; [&hellip;]<\/p>\n","protected":false},"author":1,"featured_media":0,"parent":0,"menu_order":0,"comment_status":"closed","ping_status":"closed","template":"page-templates\/front-page.php","meta":[],"_links":{"self":[{"href":"https:\/\/radio.funoc.be\/index.php?rest_route=\/wp\/v2\/pages\/11"}],"collection":[{"href":"https:\/\/radio.funoc.be\/index.php?rest_route=\/wp\/v2\/pages"}],"about":[{"href":"https:\/\/radio.funoc.be\/index.php?rest_route=\/wp\/v2\/types\/page"}],"author":[{"embeddable":true,"href":"https:\/\/radio.funoc.be\/index.php?rest_route=\/wp\/v2\/users\/1"}],"replies":[{"embeddable":true,"href":"https:\/\/radio.funoc.be\/index.php?rest_route=%2Fwp%2Fv2%2Fcomments&post=11"}],"version-history":[{"count":29,"href":"https:\/\/radio.funoc.be\/index.php?rest_route=\/wp\/v2\/pages\/11\/revisions"}],"predecessor-version":[{"id":620,"href":"https:\/\/radio.funoc.be\/index.php?rest_route=\/wp\/v2\/pages\/11\/revisions\/620"}],"wp:attachment":[{"href":"https:\/\/radio.funoc.be\/index.php?rest_route=%2Fwp%2Fv2%2Fmedia&parent=11"}],"curies":[{"name":"wp","href":"https:\/\/api.w.org\/{rel}","templated":true}]}}