{"id":2,"date":"2013-01-29T12:23:48","date_gmt":"2013-01-29T11:23:48","guid":{"rendered":"http:\/\/radio.funoc.be\/?page_id=2"},"modified":"2022-10-13T09:56:08","modified_gmt":"2022-10-13T08:56:08","slug":"page-d-exemple","status":"publish","type":"page","link":"https:\/\/radio.funoc.be\/?page_id=2","title":{"rendered":""},"content":{"rendered":"<h1 style=\"text-align: center;\"><span style=\"color: #000000;\"><strong>BONJOUR ET BIENVENUE SUR LE SITE DE NOTRE WEB RADIO !<\/strong><\/span><\/h1>\n<h2 style=\"text-align: justify;\"><strong>Lanc\u00e9e en 2013, la web radio radio.funoc.be est un outil p\u00e9dagogique d\u00e9velopp\u00e9 par<strong> la FUNOC (Formation pour l&rsquo;UNiversit\u00e9 Ouverte de Charleroi, qui dispense des formations pour adultes infra scolaris\u00e9s). La web radio s&rsquo;inscrit dans une d\u00e9marche de p\u00e9dagogie du projet. C&rsquo;est une p\u00e9dagogie active qui permet d&rsquo;acqu\u00e9rir diff\u00e9rents apprentissages ( au niveau des savoirs, des savoirs-faire et des savoirs-\u00eatre), de leur donner du sens et de les valoriser dans un travail concret. D&rsquo;abord anim\u00e9e par des stagiaires en alphab\u00e9tisation, la radio a ouvert ses ondes \u00e0 tous les secteurs de formation repr\u00e9sent\u00e9s \u00e0 la FUNOC (orientation, remise \u00e0 niveau, FLE, b\u00e2timent et horticulture, vente et secr\u00e9tariat)<strong><strong><strong><strong>. Les stagiaires d\u00e9cident ensemble\u00a0 de la th\u00e9matique \u00e0 d\u00e9velopper. Ils la choisissent au gr\u00e9 de leur envie ou impos\u00e9e par un \u00e9v\u00e9nement de l&rsquo;actualit\u00e9. La r\u00e9daction des messages, support de l&rsquo;oral, est r\u00e9alis\u00e9e et corrig\u00e9e en grand groupe. S&rsquo;ensuit un travail sur la prise de parole o\u00f9, chacun s&rsquo;applique \u00e0 ma\u00eetriser son stress, s&rsquo;exprimer correctement,\u00a0 bien articuler et poser la voix. Le tout pour rendre l&rsquo;\u00e9coute agr\u00e9able. La radio a \u00e9t\u00e9 prim\u00e9e deux fois : par le fonds Bpost pour l&rsquo;alphab\u00e9tisation et par les M\u00e9rites Associatifs de la MPA (Maison pour Associations).\u00a0\u00a0<\/strong><\/strong><\/strong><\/strong><\/strong><\/strong><\/h2>\n<h2 style=\"text-align: right;\"><strong>Is.Albasini<\/strong><\/h2>\n<p style=\"text-align: center;\"><strong>\u00a0<\/strong><\/p>\n","protected":false},"excerpt":{"rendered":"<p>BONJOUR ET BIENVENUE SUR LE SITE DE NOTRE WEB RADIO ! Lanc\u00e9e en 2013, la web radio radio.funoc.be est un outil p\u00e9dagogique d\u00e9velopp\u00e9 par la FUNOC (Formation pour l&rsquo;UNiversit\u00e9 Ouverte de Charleroi, qui dispense des formations pour adultes infra scolaris\u00e9s). La web radio s&rsquo;inscrit dans une d\u00e9marche de p\u00e9dagogie du projet. C&rsquo;est une p\u00e9dagogie active [&hellip;]<\/p>\n","protected":false},"author":1,"featured_media":0,"parent":0,"menu_order":0,"comment_status":"closed","ping_status":"closed","template":"page-templates\/front-page.php","meta":[],"_links":{"self":[{"href":"https:\/\/radio.funoc.be\/index.php?rest_route=\/wp\/v2\/pages\/2"}],"collection":[{"href":"https:\/\/radio.funoc.be\/index.php?rest_route=\/wp\/v2\/pages"}],"about":[{"href":"https:\/\/radio.funoc.be\/index.php?rest_route=\/wp\/v2\/types\/page"}],"author":[{"embeddable":true,"href":"https:\/\/radio.funoc.be\/index.php?rest_route=\/wp\/v2\/users\/1"}],"replies":[{"embeddable":true,"href":"https:\/\/radio.funoc.be\/index.php?rest_route=%2Fwp%2Fv2%2Fcomments&post=2"}],"version-history":[{"count":59,"href":"https:\/\/radio.funoc.be\/index.php?rest_route=\/wp\/v2\/pages\/2\/revisions"}],"predecessor-version":[{"id":3515,"href":"https:\/\/radio.funoc.be\/index.php?rest_route=\/wp\/v2\/pages\/2\/revisions\/3515"}],"wp:attachment":[{"href":"https:\/\/radio.funoc.be\/index.php?rest_route=%2Fwp%2Fv2%2Fmedia&parent=2"}],"curies":[{"name":"wp","href":"https:\/\/api.w.org\/{rel}","templated":true}]}}