{"id":46,"date":"2013-01-29T14:35:14","date_gmt":"2013-01-29T13:35:14","guid":{"rendered":"http:\/\/radio.funoc.be\/?page_id=46"},"modified":"2020-10-20T09:24:20","modified_gmt":"2020-10-20T08:24:20","slug":"res","status":"publish","type":"page","link":"https:\/\/radio.funoc.be\/?page_id=46","title":{"rendered":""},"content":{"rendered":"<p><strong>Projet p\u00e9dagogique r\u00e9alis\u00e9 par : Isabelle ALBASINI &#8211; TEL : 071\/311600<\/strong><\/p>\n<p><strong>R\u00e9alisation du site : Isabelle ALBASINI<\/strong><\/p>\n<p><strong>Administrateur du site : Isabelle ALBASINI &#8211; i.albasini@funoc.be<br \/>\n<\/strong><\/p>\n<p><strong>\u00a0<\/strong><\/p>\n","protected":false},"excerpt":{"rendered":"<p>Projet p\u00e9dagogique r\u00e9alis\u00e9 par : Isabelle ALBASINI &#8211; TEL : 071\/311600 R\u00e9alisation du site : Isabelle ALBASINI Administrateur du site : Isabelle ALBASINI &#8211; i.albasini@funoc.be \u00a0<\/p>\n","protected":false},"author":1,"featured_media":0,"parent":0,"menu_order":0,"comment_status":"closed","ping_status":"closed","template":"page-templates\/front-page.php","meta":[],"_links":{"self":[{"href":"https:\/\/radio.funoc.be\/index.php?rest_route=\/wp\/v2\/pages\/46"}],"collection":[{"href":"https:\/\/radio.funoc.be\/index.php?rest_route=\/wp\/v2\/pages"}],"about":[{"href":"https:\/\/radio.funoc.be\/index.php?rest_route=\/wp\/v2\/types\/page"}],"author":[{"embeddable":true,"href":"https:\/\/radio.funoc.be\/index.php?rest_route=\/wp\/v2\/users\/1"}],"replies":[{"embeddable":true,"href":"https:\/\/radio.funoc.be\/index.php?rest_route=%2Fwp%2Fv2%2Fcomments&post=46"}],"version-history":[{"count":15,"href":"https:\/\/radio.funoc.be\/index.php?rest_route=\/wp\/v2\/pages\/46\/revisions"}],"predecessor-version":[{"id":3457,"href":"https:\/\/radio.funoc.be\/index.php?rest_route=\/wp\/v2\/pages\/46\/revisions\/3457"}],"wp:attachment":[{"href":"https:\/\/radio.funoc.be\/index.php?rest_route=%2Fwp%2Fv2%2Fmedia&parent=46"}],"curies":[{"name":"wp","href":"https:\/\/api.w.org\/{rel}","templated":true}]}}